{"id":54110,"date":"2025-02-03T13:57:21","date_gmt":"2025-02-03T12:57:21","guid":{"rendered":"https:\/\/huisartsenpostzvl.mindd.dev\/?page_id=54110"},"modified":"2025-02-03T16:20:20","modified_gmt":"2025-02-03T15:20:20","slug":"compliment-of-klacht","status":"publish","type":"page","link":"https:\/\/huisartsenpostzvl.mindd.dev\/deutsch\/compliment-of-klacht\/","title":{"rendered":"Compliment of klacht"},"content":{"rendered":"\n<p><strong>Heb je een compliment of een suggestie?<\/strong><\/p>\n\n\n\n<p>Ben je tevreden over het contact dat je met de huisartsenspoedpost is verlopen? Wij horen dat graag!<\/p>\n\n\n\n<p>Heb je een compliment voor \u00e9\u00e9n van onze medewerkers of artsen? Ook dat vinden wij fijn om te horen.&nbsp; Of misschien heb je idee\u00ebn hoe wij onze zorg- en dienstverlening kunnen verbeteren? Laat het ons het weten. Klik op onderstaande knop en vul het online formulier in.<\/p>\n\n\n\n<div class=\"wp-block-buttons is-layout-flex wp-block-buttons-is-layout-flex\">\n<div class=\"wp-block-button\"><a class=\"wp-block-button__link wp-element-button\" href=\"https:\/\/nucleus.corpio.nl\/klachtenformulier\/index\">Deel je compliment<\/a><\/div>\n<\/div>\n\n\n\n<p><strong>Heb je een klacht?<\/strong><\/p>\n\n\n\n<p>Onze medewerkers en artsen zetten zich dagelijks in om jou van de beste zorg te voorzien. Toch kan het gebeuren dat je niet helemaal tevreden bent over het contact dat je met ons had in de zorg of dienstverlening.&nbsp;<\/p>\n\n\n\n<p>Wij horen dan graag wat je ervaring is zodat wij hiervan kunnen leren en onze dienstverlening kunnen verbeteren.&nbsp;<\/p>\n\n\n\n<p>Om je ervaring te delen, klik je op onderstaande knop om het online formulier in te vullen. We nemen na ontvangst van je klacht zo spoedig mogelijk contact met je op.&nbsp;<\/p>\n\n\n\n<div class=\"wp-block-buttons is-layout-flex wp-block-buttons-is-layout-flex\">\n<div class=\"wp-block-button\"><a class=\"wp-block-button__link wp-element-button\" href=\"https:\/\/nucleus.corpio.nl\/klachtenformulier\/index\">Meld je klacht\u00a0<\/a><\/div>\n<\/div>\n\n\n\n<p><strong>Hoe gaan wij met klachten om?<\/strong><\/p>\n\n\n\n<p>Meer informatie hoe de Nucleus Huisartsenspoedpost met je klacht omgaat, lees je in onze\u00a0<strong><a href=\"\/wp-content\/uploads\/sites\/184\/2025\/02\/Klachtenregeling_2_0.pdf\" target=\"_blank\" rel=\"noreferrer noopener\">klachtenregeling<\/a><\/strong>.\u00a0<\/p>\n","protected":false},"excerpt":{"rendered":"<p>Heb je een compliment of een suggestie? Ben je tevreden over het contact dat je met de huisartsenspoedpost is verlopen? Wij horen dat graag! Heb je een compliment voor \u00e9\u00e9n van onze medewerkers of artsen? Ook dat vinden wij fijn om te horen.&nbsp; Of misschien heb je idee\u00ebn hoe wij onze zorg- en dienstverlening kunnen [&hellip;]<\/p>\n","protected":false},"author":3,"featured_media":54111,"parent":0,"menu_order":0,"comment_status":"closed","ping_status":"closed","template":"","meta":{"_acf_changed":false,"_trash_the_other_posts":false,"editor_notices":[],"footnotes":""},"class_list":["post-54110","page","type-page","status-publish","has-post-thumbnail","hentry"],"acf":[],"yoast_head":"<!-- This site is optimized with the Yoast SEO plugin v26.6 - https:\/\/yoast.com\/wordpress\/plugins\/seo\/ -->\n<title>Compliment of klacht - Huisartsenspoedpost Zeeuws-Vlaanderen - Deutsch<\/title>\n<meta name=\"robots\" content=\"index, follow, max-snippet:-1, max-image-preview:large, max-video-preview:-1\" \/>\n<link rel=\"canonical\" href=\"https:\/\/huisartsenpostzvl.mindd.dev\/deutsch\/compliment-of-klacht\/\" \/>\n<meta property=\"og:locale\" content=\"de_DE\" \/>\n<meta property=\"og:type\" content=\"article\" \/>\n<meta property=\"og:title\" content=\"Compliment of klacht - Huisartsenspoedpost Zeeuws-Vlaanderen - Deutsch\" \/>\n<meta property=\"og:description\" content=\"Heb je een compliment of een suggestie? Ben je tevreden over het contact dat je met de huisartsenspoedpost is verlopen? Wij horen dat graag! Heb je een compliment voor \u00e9\u00e9n van onze medewerkers of artsen? Ook dat vinden wij fijn om te horen.&nbsp; Of misschien heb je idee\u00ebn hoe wij onze zorg- en dienstverlening kunnen [&hellip;]\" \/>\n<meta property=\"og:url\" content=\"https:\/\/huisartsenpostzvl.mindd.dev\/deutsch\/compliment-of-klacht\/\" \/>\n<meta property=\"og:site_name\" content=\"Huisartsenspoedpost Zeeuws-Vlaanderen - Deutsch\" \/>\n<meta property=\"article:modified_time\" content=\"2025-02-03T15:20:20+00:00\" \/>\n<meta property=\"og:image\" content=\"https:\/\/huisartsenpostzvl.mindd.dev\/deutsch\/wp-content\/uploads\/sites\/186\/2025\/02\/HASP-Comliment-of-klacht___media_library_original_2560_1440.jpg\" \/>\n\t<meta property=\"og:image:width\" content=\"2560\" \/>\n\t<meta property=\"og:image:height\" content=\"1440\" \/>\n\t<meta property=\"og:image:type\" content=\"image\/jpeg\" \/>\n<meta name=\"twitter:card\" content=\"summary_large_image\" \/>\n<meta name=\"twitter:label1\" content=\"Gesch\u00e4tzte Lesezeit\" \/>\n\t<meta name=\"twitter:data1\" content=\"2\u00a0Minuten\" \/>\n<script type=\"application\/ld+json\" class=\"yoast-schema-graph\">{\"@context\":\"https:\/\/schema.org\",\"@graph\":[{\"@type\":\"WebPage\",\"@id\":\"https:\/\/huisartsenpostzvl.mindd.dev\/deutsch\/compliment-of-klacht\/\",\"url\":\"https:\/\/huisartsenpostzvl.mindd.dev\/deutsch\/compliment-of-klacht\/\",\"name\":\"Compliment of klacht - Huisartsenspoedpost Zeeuws-Vlaanderen - Deutsch\",\"isPartOf\":{\"@id\":\"https:\/\/huisartsenpostzvl.mindd.dev\/deutsch\/#website\"},\"primaryImageOfPage\":{\"@id\":\"https:\/\/huisartsenpostzvl.mindd.dev\/deutsch\/compliment-of-klacht\/#primaryimage\"},\"image\":{\"@id\":\"https:\/\/huisartsenpostzvl.mindd.dev\/deutsch\/compliment-of-klacht\/#primaryimage\"},\"thumbnailUrl\":\"https:\/\/huisartsenpostzvl.mindd.dev\/deutsch\/wp-content\/uploads\/sites\/186\/2025\/02\/HASP-Comliment-of-klacht___media_library_original_2560_1440.jpg\",\"datePublished\":\"2025-02-03T12:57:21+00:00\",\"dateModified\":\"2025-02-03T15:20:20+00:00\",\"breadcrumb\":{\"@id\":\"https:\/\/huisartsenpostzvl.mindd.dev\/deutsch\/compliment-of-klacht\/#breadcrumb\"},\"inLanguage\":\"de\",\"potentialAction\":[{\"@type\":\"ReadAction\",\"target\":[\"https:\/\/huisartsenpostzvl.mindd.dev\/deutsch\/compliment-of-klacht\/\"]}]},{\"@type\":\"ImageObject\",\"inLanguage\":\"de\",\"@id\":\"https:\/\/huisartsenpostzvl.mindd.dev\/deutsch\/compliment-of-klacht\/#primaryimage\",\"url\":\"https:\/\/huisartsenpostzvl.mindd.dev\/deutsch\/wp-content\/uploads\/sites\/186\/2025\/02\/HASP-Comliment-of-klacht___media_library_original_2560_1440.jpg\",\"contentUrl\":\"https:\/\/huisartsenpostzvl.mindd.dev\/deutsch\/wp-content\/uploads\/sites\/186\/2025\/02\/HASP-Comliment-of-klacht___media_library_original_2560_1440.jpg\",\"width\":2560,\"height\":1440},{\"@type\":\"BreadcrumbList\",\"@id\":\"https:\/\/huisartsenpostzvl.mindd.dev\/deutsch\/compliment-of-klacht\/#breadcrumb\",\"itemListElement\":[{\"@type\":\"ListItem\",\"position\":1,\"name\":\"Home\",\"item\":\"https:\/\/huisartsenpostzvl.mindd.dev\/deutsch\/\"},{\"@type\":\"ListItem\",\"position\":2,\"name\":\"Compliment of klacht\"}]},{\"@type\":\"WebSite\",\"@id\":\"https:\/\/huisartsenpostzvl.mindd.dev\/deutsch\/#website\",\"url\":\"https:\/\/huisartsenpostzvl.mindd.dev\/deutsch\/\",\"name\":\"Huisartsenspoedpost Zeeuws-Vlaanderen - Deutsch\",\"description\":\"Development site\",\"potentialAction\":[{\"@type\":\"SearchAction\",\"target\":{\"@type\":\"EntryPoint\",\"urlTemplate\":\"https:\/\/huisartsenpostzvl.mindd.dev\/deutsch\/?s={search_term_string}\"},\"query-input\":{\"@type\":\"PropertyValueSpecification\",\"valueRequired\":true,\"valueName\":\"search_term_string\"}}],\"inLanguage\":\"de\"}]}<\/script>\n<!-- \/ Yoast SEO plugin. -->","yoast_head_json":{"title":"Compliment of klacht - Huisartsenspoedpost Zeeuws-Vlaanderen - Deutsch","robots":{"index":"index","follow":"follow","max-snippet":"max-snippet:-1","max-image-preview":"max-image-preview:large","max-video-preview":"max-video-preview:-1"},"canonical":"https:\/\/huisartsenpostzvl.mindd.dev\/deutsch\/compliment-of-klacht\/","og_locale":"de_DE","og_type":"article","og_title":"Compliment of klacht - Huisartsenspoedpost Zeeuws-Vlaanderen - Deutsch","og_description":"Heb je een compliment of een suggestie? Ben je tevreden over het contact dat je met de huisartsenspoedpost is verlopen? Wij horen dat graag! Heb je een compliment voor \u00e9\u00e9n van onze medewerkers of artsen? Ook dat vinden wij fijn om te horen.&nbsp; Of misschien heb je idee\u00ebn hoe wij onze zorg- en dienstverlening kunnen [&hellip;]","og_url":"https:\/\/huisartsenpostzvl.mindd.dev\/deutsch\/compliment-of-klacht\/","og_site_name":"Huisartsenspoedpost Zeeuws-Vlaanderen - Deutsch","article_modified_time":"2025-02-03T15:20:20+00:00","og_image":[{"width":2560,"height":1440,"url":"https:\/\/huisartsenpostzvl.mindd.dev\/deutsch\/wp-content\/uploads\/sites\/186\/2025\/02\/HASP-Comliment-of-klacht___media_library_original_2560_1440.jpg","type":"image\/jpeg"}],"twitter_card":"summary_large_image","twitter_misc":{"Gesch\u00e4tzte Lesezeit":"2\u00a0Minuten"},"schema":{"@context":"https:\/\/schema.org","@graph":[{"@type":"WebPage","@id":"https:\/\/huisartsenpostzvl.mindd.dev\/deutsch\/compliment-of-klacht\/","url":"https:\/\/huisartsenpostzvl.mindd.dev\/deutsch\/compliment-of-klacht\/","name":"Compliment of klacht - Huisartsenspoedpost Zeeuws-Vlaanderen - Deutsch","isPartOf":{"@id":"https:\/\/huisartsenpostzvl.mindd.dev\/deutsch\/#website"},"primaryImageOfPage":{"@id":"https:\/\/huisartsenpostzvl.mindd.dev\/deutsch\/compliment-of-klacht\/#primaryimage"},"image":{"@id":"https:\/\/huisartsenpostzvl.mindd.dev\/deutsch\/compliment-of-klacht\/#primaryimage"},"thumbnailUrl":"https:\/\/huisartsenpostzvl.mindd.dev\/deutsch\/wp-content\/uploads\/sites\/186\/2025\/02\/HASP-Comliment-of-klacht___media_library_original_2560_1440.jpg","datePublished":"2025-02-03T12:57:21+00:00","dateModified":"2025-02-03T15:20:20+00:00","breadcrumb":{"@id":"https:\/\/huisartsenpostzvl.mindd.dev\/deutsch\/compliment-of-klacht\/#breadcrumb"},"inLanguage":"de","potentialAction":[{"@type":"ReadAction","target":["https:\/\/huisartsenpostzvl.mindd.dev\/deutsch\/compliment-of-klacht\/"]}]},{"@type":"ImageObject","inLanguage":"de","@id":"https:\/\/huisartsenpostzvl.mindd.dev\/deutsch\/compliment-of-klacht\/#primaryimage","url":"https:\/\/huisartsenpostzvl.mindd.dev\/deutsch\/wp-content\/uploads\/sites\/186\/2025\/02\/HASP-Comliment-of-klacht___media_library_original_2560_1440.jpg","contentUrl":"https:\/\/huisartsenpostzvl.mindd.dev\/deutsch\/wp-content\/uploads\/sites\/186\/2025\/02\/HASP-Comliment-of-klacht___media_library_original_2560_1440.jpg","width":2560,"height":1440},{"@type":"BreadcrumbList","@id":"https:\/\/huisartsenpostzvl.mindd.dev\/deutsch\/compliment-of-klacht\/#breadcrumb","itemListElement":[{"@type":"ListItem","position":1,"name":"Home","item":"https:\/\/huisartsenpostzvl.mindd.dev\/deutsch\/"},{"@type":"ListItem","position":2,"name":"Compliment of klacht"}]},{"@type":"WebSite","@id":"https:\/\/huisartsenpostzvl.mindd.dev\/deutsch\/#website","url":"https:\/\/huisartsenpostzvl.mindd.dev\/deutsch\/","name":"Huisartsenspoedpost Zeeuws-Vlaanderen - Deutsch","description":"Development site","potentialAction":[{"@type":"SearchAction","target":{"@type":"EntryPoint","urlTemplate":"https:\/\/huisartsenpostzvl.mindd.dev\/deutsch\/?s={search_term_string}"},"query-input":{"@type":"PropertyValueSpecification","valueRequired":true,"valueName":"search_term_string"}}],"inLanguage":"de"}]}},"_links":{"self":[{"href":"https:\/\/huisartsenpostzvl.mindd.dev\/deutsch\/wp-json\/wp\/v2\/pages\/54110","targetHints":{"allow":["GET"]}}],"collection":[{"href":"https:\/\/huisartsenpostzvl.mindd.dev\/deutsch\/wp-json\/wp\/v2\/pages"}],"about":[{"href":"https:\/\/huisartsenpostzvl.mindd.dev\/deutsch\/wp-json\/wp\/v2\/types\/page"}],"author":[{"embeddable":true,"href":"https:\/\/huisartsenpostzvl.mindd.dev\/deutsch\/wp-json\/wp\/v2\/users\/3"}],"replies":[{"embeddable":true,"href":"https:\/\/huisartsenpostzvl.mindd.dev\/deutsch\/wp-json\/wp\/v2\/comments?post=54110"}],"version-history":[{"count":3,"href":"https:\/\/huisartsenpostzvl.mindd.dev\/deutsch\/wp-json\/wp\/v2\/pages\/54110\/revisions"}],"predecessor-version":[{"id":54511,"href":"https:\/\/huisartsenpostzvl.mindd.dev\/deutsch\/wp-json\/wp\/v2\/pages\/54110\/revisions\/54511"}],"wp:featuredmedia":[{"embeddable":true,"href":"https:\/\/huisartsenpostzvl.mindd.dev\/deutsch\/wp-json\/wp\/v2\/media\/54111"}],"wp:attachment":[{"href":"https:\/\/huisartsenpostzvl.mindd.dev\/deutsch\/wp-json\/wp\/v2\/media?parent=54110"}],"curies":[{"name":"wp","href":"https:\/\/api.w.org\/{rel}","templated":true}]}}