{"id":54114,"date":"2025-02-03T14:06:48","date_gmt":"2025-02-03T13:06:48","guid":{"rendered":"https:\/\/huisartsenpostzvl.mindd.dev\/?page_id=54114"},"modified":"2025-02-04T15:07:38","modified_gmt":"2025-02-04T14:07:38","slug":"patienteninformatie","status":"publish","type":"page","link":"https:\/\/huisartsenpostzvl.mindd.dev\/deutsch\/patienteninformatie\/","title":{"rendered":"Patienteninformationen"},"content":{"rendered":"\n<h2 class=\"wp-block-heading\">Halten Sie alle notwendigen Informationen bereit<\/h2>\n\n\n\n<p>Wenn Sie die Telefonnummer&nbsp;<a href=\"tel:0115 643 000\">0115 643 000<\/a>&nbsp;anrufen, wird der Anruf von einer erfahrenen, speziell ausgebildeten medizinischen Assistentin entgegengenommen. Sie wird Sie bitten, Ihre Symptome zu beschreiben. Damit Ihnen gut geholfen werden kann, wird die Assistentin Sie auch um die folgenden Angaben bitten:<\/p>\n\n\n\n<ul class=\"wp-block-list\">\n<li>Ihr Geburtsdatum, Ihren Namen, Ihre Adresse, Ihre Telefonnummer (oder desjenigen f\u00fcr den Sie anrufen);<\/li>\n\n\n\n<li>mehrere Fragen \u00fcber Ihre Symptome;<\/li>\n\n\n\n<li>Ihren Medikamentengebrauch; die medizinische Vorgeschichte (Krankheiten, Operationen, Allergien);<\/li>\n\n\n\n<li>Ihre exakte Bitte um Hilfe;<\/li>\n\n\n\n<li>die Daten Ihrer Krankenkasse (g\u00fcltige Europ\u00e4ische Krankenversicherungskarte = EHIC);<\/li>\n\n\n\n<li>Nur diese EHIC-Karte kann direkt beim Arzt im Ausland vorgelegt werden. Der \u00f6rtliche Krankenversicherungstr\u00e4ger muss vorher nicht extra aufgesucht werden.<\/li>\n\n\n\n<li>Wenn Sie einen Termin bekommen, bitten wir Sie die EHIC-Krankenversicherungskarte und Ihren Personalausweis mitzubringen, so dass wir davon eine Kopie machen k\u00f6nnen.<\/li>\n<\/ul>\n\n\n\n<h2 class=\"wp-block-heading\">Finanzielle Abwicklung<\/h2>\n\n\n\n<p>Sowohl die telefonische Beratung vom Hausarzt und von der medizinischen Assistentin, als auch die Termine f\u00fcr die Sprechstunde und Hausbesuche werden in Rechnung gestellt.<\/p>\n\n\n\n<p>Die \u00c4rztlicher Notdienst sind f\u00fcr jeden zug\u00e4nglich, der dringend \u00e4rztliche Hilfe braucht.<\/p>\n\n\n\n<p>Mit einer g\u00fcltigen Europ\u00e4ischen Krankenversicherungskarte (EHIC) k\u00f6nnen wir die Versicherung sofort registrieren.&nbsp;<strong>Ohne eine g\u00fcltige EHIC-Karte<\/strong>&nbsp;k\u00f6nnen Sie den \u00c4rztlicher Notdienst auch besuchen.&nbsp;<strong>In diesem Fall bitten wir Sie jedoch, direkt mit der Karte zu bezahlen<\/strong>&nbsp;(kein Bargeld). Sie erhalten vom \u00c4rztlicher Notdienst dann eine Quittung, die Sie bei Ihrer Krankenkasse f\u00fcr die R\u00fcckerstattung einreichen k\u00f6nnen.<\/p>\n\n\n\n<p>Wenn Sie einen Termin bekommen, bitten wir Sie die EHIC-Krankenversicherungskarte und Ihren Personalausweis mitzubringen, so dass wir eine Kopie machen k\u00f6nnen.<\/p>\n\n\n\n<p><\/p>\n\n\n\n<div class=\"wp-block-buttons is-layout-flex wp-block-buttons-is-layout-flex\">\n<div class=\"wp-block-button is-style-outline is-style-outline--1\"><a class=\"wp-block-button__link wp-element-button\" href=\"https:\/\/huisartsenpostzvl.mindd.dev\/deutsch\/wie-hoch-sind-die-kosten\/\">Usere aktuellen Tarife<\/a><\/div>\n\n\n<\/div>\n\n\n\n<h2 class=\"wp-block-heading\">Fragen, Komplimente oder Beschwerden<\/h2>\n\n\n\n<p>Die \u00c4rztlicher Notdienst sind f\u00fcr Sie da. Wir legen viel Wert darauf, Ihnen so gut wie m\u00f6glich behilflich zu sein. Sollten Sie Fragen haben, nehmen Sie dann bitte Kontakt mit uns auf. Wir sind w\u00e4hrend der B\u00fcrozeiten (von 08:00 bis 17:00 Uhr) zu erreichen.<\/p>\n\n\n\n<p>Sollten Sie unerwarteter Weise der Meinung sein, dass Sie von dem behandelnden Arzt oder von der medizinischen Assistentin nicht korrekt behandelt worden sind, dann bitten wir Sie, uns dar\u00fcber schriftlich per Brief oder <a href=\"\/deutsch\/standorte\/huisartsen-spoedpost-zeeuws-vlaanderen\/\">E-Mail<\/a> zu informieren.<\/p>\n","protected":false},"excerpt":{"rendered":"<p>Halten Sie alle notwendigen Informationen bereit Wenn Sie die Telefonnummer&nbsp;0115 643 000&nbsp;anrufen, wird der Anruf von einer erfahrenen, speziell ausgebildeten medizinischen Assistentin entgegengenommen. Sie wird Sie bitten, Ihre Symptome zu beschreiben. Damit Ihnen gut geholfen werden kann, wird die Assistentin Sie auch um die folgenden Angaben bitten: Finanzielle Abwicklung Sowohl die telefonische Beratung vom Hausarzt [&hellip;]<\/p>\n","protected":false},"author":3,"featured_media":0,"parent":0,"menu_order":0,"comment_status":"closed","ping_status":"closed","template":"","meta":{"_acf_changed":false,"_trash_the_other_posts":false,"editor_notices":[],"footnotes":""},"class_list":["post-54114","page","type-page","status-publish","hentry"],"acf":[],"yoast_head":"<!-- This site is optimized with the Yoast SEO plugin v26.6 - https:\/\/yoast.com\/wordpress\/plugins\/seo\/ -->\n<title>Patienteninformationen - Huisartsenspoedpost Zeeuws-Vlaanderen - Deutsch<\/title>\n<meta name=\"robots\" content=\"index, follow, max-snippet:-1, max-image-preview:large, max-video-preview:-1\" \/>\n<link rel=\"canonical\" href=\"https:\/\/huisartsenpostzvl.mindd.dev\/deutsch\/patienteninformatie\/\" \/>\n<meta property=\"og:locale\" content=\"de_DE\" \/>\n<meta property=\"og:type\" content=\"article\" \/>\n<meta property=\"og:title\" content=\"Patienteninformationen - Huisartsenspoedpost Zeeuws-Vlaanderen - Deutsch\" \/>\n<meta property=\"og:description\" content=\"Halten Sie alle notwendigen Informationen bereit Wenn Sie die Telefonnummer&nbsp;0115 643 000&nbsp;anrufen, wird der Anruf von einer erfahrenen, speziell ausgebildeten medizinischen Assistentin entgegengenommen. Sie wird Sie bitten, Ihre Symptome zu beschreiben. Damit Ihnen gut geholfen werden kann, wird die Assistentin Sie auch um die folgenden Angaben bitten: Finanzielle Abwicklung Sowohl die telefonische Beratung vom Hausarzt [&hellip;]\" \/>\n<meta property=\"og:url\" content=\"https:\/\/huisartsenpostzvl.mindd.dev\/deutsch\/patienteninformatie\/\" \/>\n<meta property=\"og:site_name\" content=\"Huisartsenspoedpost Zeeuws-Vlaanderen - Deutsch\" \/>\n<meta property=\"article:modified_time\" content=\"2025-02-04T14:07:38+00:00\" \/>\n<meta name=\"twitter:card\" content=\"summary_large_image\" \/>\n<meta name=\"twitter:label1\" content=\"Gesch\u00e4tzte Lesezeit\" \/>\n\t<meta name=\"twitter:data1\" content=\"2\u00a0Minuten\" \/>\n<script type=\"application\/ld+json\" class=\"yoast-schema-graph\">{\"@context\":\"https:\/\/schema.org\",\"@graph\":[{\"@type\":\"WebPage\",\"@id\":\"https:\/\/huisartsenpostzvl.mindd.dev\/deutsch\/patienteninformatie\/\",\"url\":\"https:\/\/huisartsenpostzvl.mindd.dev\/deutsch\/patienteninformatie\/\",\"name\":\"Patienteninformationen - Huisartsenspoedpost Zeeuws-Vlaanderen - Deutsch\",\"isPartOf\":{\"@id\":\"https:\/\/huisartsenpostzvl.mindd.dev\/deutsch\/#website\"},\"datePublished\":\"2025-02-03T13:06:48+00:00\",\"dateModified\":\"2025-02-04T14:07:38+00:00\",\"breadcrumb\":{\"@id\":\"https:\/\/huisartsenpostzvl.mindd.dev\/deutsch\/patienteninformatie\/#breadcrumb\"},\"inLanguage\":\"de\",\"potentialAction\":[{\"@type\":\"ReadAction\",\"target\":[\"https:\/\/huisartsenpostzvl.mindd.dev\/deutsch\/patienteninformatie\/\"]}]},{\"@type\":\"BreadcrumbList\",\"@id\":\"https:\/\/huisartsenpostzvl.mindd.dev\/deutsch\/patienteninformatie\/#breadcrumb\",\"itemListElement\":[{\"@type\":\"ListItem\",\"position\":1,\"name\":\"Home\",\"item\":\"https:\/\/huisartsenpostzvl.mindd.dev\/deutsch\/\"},{\"@type\":\"ListItem\",\"position\":2,\"name\":\"Patienteninformationen\"}]},{\"@type\":\"WebSite\",\"@id\":\"https:\/\/huisartsenpostzvl.mindd.dev\/deutsch\/#website\",\"url\":\"https:\/\/huisartsenpostzvl.mindd.dev\/deutsch\/\",\"name\":\"Huisartsenspoedpost Zeeuws-Vlaanderen - Deutsch\",\"description\":\"Development site\",\"potentialAction\":[{\"@type\":\"SearchAction\",\"target\":{\"@type\":\"EntryPoint\",\"urlTemplate\":\"https:\/\/huisartsenpostzvl.mindd.dev\/deutsch\/?s={search_term_string}\"},\"query-input\":{\"@type\":\"PropertyValueSpecification\",\"valueRequired\":true,\"valueName\":\"search_term_string\"}}],\"inLanguage\":\"de\"}]}<\/script>\n<!-- \/ Yoast SEO plugin. -->","yoast_head_json":{"title":"Patienteninformationen - Huisartsenspoedpost Zeeuws-Vlaanderen - Deutsch","robots":{"index":"index","follow":"follow","max-snippet":"max-snippet:-1","max-image-preview":"max-image-preview:large","max-video-preview":"max-video-preview:-1"},"canonical":"https:\/\/huisartsenpostzvl.mindd.dev\/deutsch\/patienteninformatie\/","og_locale":"de_DE","og_type":"article","og_title":"Patienteninformationen - Huisartsenspoedpost Zeeuws-Vlaanderen - Deutsch","og_description":"Halten Sie alle notwendigen Informationen bereit Wenn Sie die Telefonnummer&nbsp;0115 643 000&nbsp;anrufen, wird der Anruf von einer erfahrenen, speziell ausgebildeten medizinischen Assistentin entgegengenommen. Sie wird Sie bitten, Ihre Symptome zu beschreiben. Damit Ihnen gut geholfen werden kann, wird die Assistentin Sie auch um die folgenden Angaben bitten: Finanzielle Abwicklung Sowohl die telefonische Beratung vom Hausarzt [&hellip;]","og_url":"https:\/\/huisartsenpostzvl.mindd.dev\/deutsch\/patienteninformatie\/","og_site_name":"Huisartsenspoedpost Zeeuws-Vlaanderen - Deutsch","article_modified_time":"2025-02-04T14:07:38+00:00","twitter_card":"summary_large_image","twitter_misc":{"Gesch\u00e4tzte Lesezeit":"2\u00a0Minuten"},"schema":{"@context":"https:\/\/schema.org","@graph":[{"@type":"WebPage","@id":"https:\/\/huisartsenpostzvl.mindd.dev\/deutsch\/patienteninformatie\/","url":"https:\/\/huisartsenpostzvl.mindd.dev\/deutsch\/patienteninformatie\/","name":"Patienteninformationen - Huisartsenspoedpost Zeeuws-Vlaanderen - Deutsch","isPartOf":{"@id":"https:\/\/huisartsenpostzvl.mindd.dev\/deutsch\/#website"},"datePublished":"2025-02-03T13:06:48+00:00","dateModified":"2025-02-04T14:07:38+00:00","breadcrumb":{"@id":"https:\/\/huisartsenpostzvl.mindd.dev\/deutsch\/patienteninformatie\/#breadcrumb"},"inLanguage":"de","potentialAction":[{"@type":"ReadAction","target":["https:\/\/huisartsenpostzvl.mindd.dev\/deutsch\/patienteninformatie\/"]}]},{"@type":"BreadcrumbList","@id":"https:\/\/huisartsenpostzvl.mindd.dev\/deutsch\/patienteninformatie\/#breadcrumb","itemListElement":[{"@type":"ListItem","position":1,"name":"Home","item":"https:\/\/huisartsenpostzvl.mindd.dev\/deutsch\/"},{"@type":"ListItem","position":2,"name":"Patienteninformationen"}]},{"@type":"WebSite","@id":"https:\/\/huisartsenpostzvl.mindd.dev\/deutsch\/#website","url":"https:\/\/huisartsenpostzvl.mindd.dev\/deutsch\/","name":"Huisartsenspoedpost Zeeuws-Vlaanderen - Deutsch","description":"Development site","potentialAction":[{"@type":"SearchAction","target":{"@type":"EntryPoint","urlTemplate":"https:\/\/huisartsenpostzvl.mindd.dev\/deutsch\/?s={search_term_string}"},"query-input":{"@type":"PropertyValueSpecification","valueRequired":true,"valueName":"search_term_string"}}],"inLanguage":"de"}]}},"_links":{"self":[{"href":"https:\/\/huisartsenpostzvl.mindd.dev\/deutsch\/wp-json\/wp\/v2\/pages\/54114","targetHints":{"allow":["GET"]}}],"collection":[{"href":"https:\/\/huisartsenpostzvl.mindd.dev\/deutsch\/wp-json\/wp\/v2\/pages"}],"about":[{"href":"https:\/\/huisartsenpostzvl.mindd.dev\/deutsch\/wp-json\/wp\/v2\/types\/page"}],"author":[{"embeddable":true,"href":"https:\/\/huisartsenpostzvl.mindd.dev\/deutsch\/wp-json\/wp\/v2\/users\/3"}],"replies":[{"embeddable":true,"href":"https:\/\/huisartsenpostzvl.mindd.dev\/deutsch\/wp-json\/wp\/v2\/comments?post=54114"}],"version-history":[{"count":7,"href":"https:\/\/huisartsenpostzvl.mindd.dev\/deutsch\/wp-json\/wp\/v2\/pages\/54114\/revisions"}],"predecessor-version":[{"id":54739,"href":"https:\/\/huisartsenpostzvl.mindd.dev\/deutsch\/wp-json\/wp\/v2\/pages\/54114\/revisions\/54739"}],"wp:attachment":[{"href":"https:\/\/huisartsenpostzvl.mindd.dev\/deutsch\/wp-json\/wp\/v2\/media?parent=54114"}],"curies":[{"name":"wp","href":"https:\/\/api.w.org\/{rel}","templated":true}]}}